{"id":27,"date":"2021-01-12T21:31:07","date_gmt":"2021-01-12T21:31:07","guid":{"rendered":"https:\/\/ines.use-medienport.de\/?page_id=27"},"modified":"2021-07-27T13:53:58","modified_gmt":"2021-07-27T13:53:58","slug":"schrift","status":"publish","type":"page","link":"https:\/\/ines.use-medienport.de\/?page_id=27","title":{"rendered":"Schrift"},"content":{"rendered":"<div class=\"wpb-content-wrapper\"><p>[vc_row][vc_column][vc_column_text]<\/p>\n<h2>Wissensspiel Level 1<\/h2>\n<div class=\"h5p-iframe-wrapper\"><iframe id=\"h5p-iframe-6\" class=\"h5p-iframe\" data-content-id=\"6\" style=\"height:1px\" src=\"about:blank\" frameBorder=\"0\" scrolling=\"no\" title=\"Schriften\"><\/iframe><\/div>\n<h2>Wissensspiel Level 2<\/h2>\n<div class=\"h5p-iframe-wrapper\"><iframe id=\"h5p-iframe-7\" class=\"h5p-iframe\" data-content-id=\"7\" style=\"height:1px\" src=\"about:blank\" frameBorder=\"0\" scrolling=\"no\" title=\"Schriften level 2\"><\/iframe><\/div>[\/vc_column_text][vc_video link=&#8220;https:\/\/www.youtube.com\/watch?v=sByzHoiYFX0&amp;feature=emb_rel_pause&#8220; title=&#8220;Typografie (engl. mit deutschen Untertiteln, ca. 6 Minuten)&#8220;][vc_column_text][\/vc_column_text][\/vc_column][\/vc_row][vc_row][vc_column][vc_tta_accordion][vc_tta_section title=&#8220;Weblinks&#8220; tab_id=&#8220;1610569456489-f3660e4c-fc97&#8243;][vc_column_text]<a href=\"https:\/\/type.method.ac\/\" target=\"_blank\" rel=\"noopener\">&#8211; https:\/\/type.method.ac<\/a> (Kerning \u00fcben)<\/p>\n<p>\u2013 <a href=\"https:\/\/fontjoy.com\" target=\"_blank\" rel=\"noopener noreferrer\">https:\/\/fontjoy.com<\/a><br \/>\n\u2013 <a href=\"http:fontmap.ideo.com\" target=\"_blank\" rel=\"noopener noreferrer\">http:fontmap.ideo.com<\/a> (Schriftwolke, mit alternativen Schriftvorschl\u00e4gen, Aufgabe: wer findet das \u201cA\u201d der \u201cTimes New Roman\u201d am schnellsten. Zeit stoppen)<\/p>\n<p>&nbsp;<\/p>\n<p>Level 2.0 (Typografie)<br \/>\n<a href=\"https:\/\/fhp.incom.org\/project\/15798\" target=\"_blank\" rel=\"noopener\">&#8211; fhp.incom.org\/project\/15798<\/a>[\/vc_column_text][\/vc_tta_section][vc_tta_section title=&#8220;Fachbegriffe&#8220; tab_id=&#8220;1610569456477-45b554dc-1d91&#8243;][vc_column_text]<\/p>\n<ul>\n<li>Schriftfamilie (passende Schriftart zum Auftragsthema)<\/li>\n<li>Schriftgr\u00f6\u00dfe (Mindestgr\u00f6\u00dfe Flie\u00dftext, \u00dcberschriften \u2026 + abh\u00e4ngig vom Medium\/Format)<\/li>\n<li>Zeilenbreite (ca. 60 Zeichen pro Zeile optimal)<\/li>\n<li>Zeilenabstand (120 \u2013 145% optimal)<\/li>\n<\/ul>\n<p>[\/vc_column_text][\/vc_tta_section][\/vc_tta_accordion][\/vc_column][\/vc_row][vc_row][vc_column width=&#8220;1\/2&#8243;][vc_column_text css=&#8220;.vc_custom_1614019437377{margin-bottom: 30px !important;}&#8220;]<\/p>\n<h3>Schrift muss <span style=\"text-decoration: underline;\">lesbar<\/span> sein!<\/h3>\n<h3>Die Lesbarkeit eines <a href=\"https:\/\/typo-info.de\/grundschrift\/\" target=\"_blank\" rel=\"noopener\">Mengentextes<\/a> ist von verschiedenen Dingen abh\u00e4ngig:<br \/>\n1) die Wahl der richtigen <a href=\"https:\/\/typo-info.de\/schriftfamilie\/\" target=\"_blank\" rel=\"noopener\">Schriftfamilie<\/a>. (schnell erfassbare Wortbilder),<br \/>\n2) die richtigen <a href=\"https:\/\/typo-info.de\/laufweite\/\" target=\"_blank\" rel=\"noopener\">Laufweite<\/a><br \/>\n3) <a href=\"https:\/\/typo-info.de\/wortabstand\/\" target=\"_blank\" rel=\"noopener\">Wortabstand<\/a><br \/>\n4) <a href=\"https:\/\/typo-info.de\/schriftgrad\/\" target=\"_blank\" rel=\"noopener\">Schriftgrad<\/a><br \/>\n5) <a href=\"https:\/\/typo-info.de\/zeilenabstand\/\" target=\"_blank\" rel=\"noopener\">Zeilenabstand<\/a><br \/>\n6) <span style=\"color: #3366ff;\">Zeilenl\u00e4nge<\/span><\/h3>\n<h4>Schriften nach Charakter und Thema eingeteilt:<br \/>\n<a href=\"https:\/\/www.linotype.com\/de\/catalog\/categories.html\" target=\"_blank\" rel=\"noopener\">www.linotype.com\/de\/catalog\/categories.html<\/a><\/h4>\n<hr \/>\n<p>[\/vc_column_text][vc_column_text][\/vc_column_text][\/vc_column][vc_column width=&#8220;1\/2&#8243;][vc_column_text]Wenn Serifen laufen lernen \ud83d\ude42<\/p>\n<p><a href=\"https:\/\/www.instagram.com\/p\/CKkBCCIJKNd\/?igshid=113xifrmx25fn\" target=\"_blank\" rel=\"noopener\">www.instagram.com\/p\/CKkBCCIJKNd\/?igshid=113xifrmx25fn<\/a><\/p>\n<p><a href=\"https:\/\/www.instagram.com\/p\/CKkBCCIJKNd\/?igshid=113xifrmx25fn\" target=\"_blank\" rel=\"noopener\"><img loading=\"lazy\" decoding=\"async\" class=\"alignnone wp-image-183\" src=\"https:\/\/ines.use-medienport.de\/wp-content\/uploads\/2021\/01\/laufendes-R.jpg\" alt=\"\" width=\"400\" height=\"400\" \/><\/a>[\/vc_column_text][\/vc_column][\/vc_row]<\/p>\n<\/div>","protected":false},"excerpt":{"rendered":"<p>[vc_row][vc_column][vc_column_text] Wissensspiel Level 1 Wissensspiel Level 2 [\/vc_column_text][vc_video link=&#8220;https:\/\/www.youtube.com\/watch?v=sByzHoiYFX0&amp;feature=emb_rel_pause&#8220; title=&#8220;Typografie (engl. mit deutschen Untertiteln, ca. 6 Minuten)&#8220;][vc_column_text][\/vc_column_text][\/vc_column][\/vc_row][vc_row][vc_column][vc_tta_accordion][vc_tta_section title=&#8220;Weblinks&#8220; tab_id=&#8220;1610569456489-f3660e4c-fc97&#8243;][vc_column_text]&#8211; https:\/\/type.method.ac (Kerning \u00fcben) \u2013 https:\/\/fontjoy.com \u2013 http:fontmap.ideo.com (Schriftwolke, mit alternativen Schriftvorschl\u00e4gen, Aufgabe: wer findet das \u201cA\u201d der \u201cTimes New Roman\u201d am schnellsten. Zeit stoppen) &nbsp; Level 2.0 (Typografie) &#8211; fhp.incom.org\/project\/15798[\/vc_column_text][\/vc_tta_section][vc_tta_section title=&#8220;Fachbegriffe&#8220; tab_id=&#8220;1610569456477-45b554dc-1d91&#8243;][vc_column_text] Schriftfamilie (passende Schriftart zum&#8230;<\/p>\n","protected":false},"author":1,"featured_media":0,"parent":0,"menu_order":0,"comment_status":"closed","ping_status":"closed","template":"","meta":{"footnotes":""},"class_list":["post-27","page","type-page","status-publish","hentry"],"yoast_head":"<!-- This site is optimized with the Yoast SEO plugin v27.4 - https:\/\/yoast.com\/product\/yoast-seo-wordpress\/ -->\n<title>Schrift - Design-Grundlagen<\/title>\n<meta name=\"robots\" content=\"noindex, follow, max-snippet:-1, max-image-preview:large, max-video-preview:-1\" \/>\n<meta property=\"og:locale\" content=\"de_DE\" \/>\n<meta property=\"og:type\" content=\"article\" \/>\n<meta property=\"og:title\" content=\"Schrift - Design-Grundlagen\" \/>\n<meta property=\"og:description\" content=\"[vc_row][vc_column][vc_column_text] Wissensspiel Level 1 Wissensspiel Level 2 [\/vc_column_text][vc_video link=&#8220;https:\/\/www.youtube.com\/watch?v=sByzHoiYFX0&amp;feature=emb_rel_pause&#8220; title=&#8220;Typografie (engl. mit deutschen Untertiteln, ca. 6 Minuten)&#8220;][vc_column_text][\/vc_column_text][\/vc_column][\/vc_row][vc_row][vc_column][vc_tta_accordion][vc_tta_section title=&#8220;Weblinks&#8220; tab_id=&#8220;1610569456489-f3660e4c-fc97&#8243;][vc_column_text]&#8211; https:\/\/type.method.ac (Kerning \u00fcben) \u2013 https:\/\/fontjoy.com \u2013 http:fontmap.ideo.com (Schriftwolke, mit alternativen Schriftvorschl\u00e4gen, Aufgabe: wer findet das \u201cA\u201d der \u201cTimes New Roman\u201d am schnellsten. Zeit stoppen) &nbsp; Level 2.0 (Typografie) &#8211; fhp.incom.org\/project\/15798[\/vc_column_text][\/vc_tta_section][vc_tta_section title=&#8220;Fachbegriffe&#8220; tab_id=&#8220;1610569456477-45b554dc-1d91&#8243;][vc_column_text] Schriftfamilie (passende Schriftart zum...\" \/>\n<meta property=\"og:url\" content=\"https:\/\/ines.use-medienport.de\/?page_id=27\" \/>\n<meta property=\"og:site_name\" content=\"Design-Grundlagen\" \/>\n<meta property=\"article:modified_time\" content=\"2021-07-27T13:53:58+00:00\" \/>\n<meta property=\"og:image\" content=\"https:\/\/ines.use-medienport.de\/wp-content\/uploads\/2021\/01\/laufendes-R.jpg\" \/>\n<meta name=\"twitter:card\" content=\"summary_large_image\" \/>\n<meta name=\"twitter:label1\" content=\"Gesch\u00e4tzte Lesezeit\" \/>\n\t<meta name=\"twitter:data1\" content=\"1\u00a0Minute\" \/>\n<script type=\"application\/ld+json\" class=\"yoast-schema-graph\">{\"@context\":\"https:\\\/\\\/schema.org\",\"@graph\":[{\"@type\":\"WebPage\",\"@id\":\"https:\\\/\\\/ines.use-medienport.de\\\/?page_id=27\",\"url\":\"https:\\\/\\\/ines.use-medienport.de\\\/?page_id=27\",\"name\":\"Schrift - Design-Grundlagen\",\"isPartOf\":{\"@id\":\"https:\\\/\\\/ines.use-medienport.de\\\/#website\"},\"primaryImageOfPage\":{\"@id\":\"https:\\\/\\\/ines.use-medienport.de\\\/?page_id=27#primaryimage\"},\"image\":{\"@id\":\"https:\\\/\\\/ines.use-medienport.de\\\/?page_id=27#primaryimage\"},\"thumbnailUrl\":\"https:\\\/\\\/ines.use-medienport.de\\\/wp-content\\\/uploads\\\/2021\\\/01\\\/laufendes-R.jpg\",\"datePublished\":\"2021-01-12T21:31:07+00:00\",\"dateModified\":\"2021-07-27T13:53:58+00:00\",\"breadcrumb\":{\"@id\":\"https:\\\/\\\/ines.use-medienport.de\\\/?page_id=27#breadcrumb\"},\"inLanguage\":\"de\",\"potentialAction\":[{\"@type\":\"ReadAction\",\"target\":[\"https:\\\/\\\/ines.use-medienport.de\\\/?page_id=27\"]}]},{\"@type\":\"ImageObject\",\"inLanguage\":\"de\",\"@id\":\"https:\\\/\\\/ines.use-medienport.de\\\/?page_id=27#primaryimage\",\"url\":\"https:\\\/\\\/ines.use-medienport.de\\\/wp-content\\\/uploads\\\/2021\\\/01\\\/laufendes-R.jpg\",\"contentUrl\":\"https:\\\/\\\/ines.use-medienport.de\\\/wp-content\\\/uploads\\\/2021\\\/01\\\/laufendes-R.jpg\",\"width\":1193,\"height\":1192},{\"@type\":\"BreadcrumbList\",\"@id\":\"https:\\\/\\\/ines.use-medienport.de\\\/?page_id=27#breadcrumb\",\"itemListElement\":[{\"@type\":\"ListItem\",\"position\":1,\"name\":\"Home\",\"item\":\"https:\\\/\\\/ines.use-medienport.de\\\/\"},{\"@type\":\"ListItem\",\"position\":2,\"name\":\"Schrift\"}]},{\"@type\":\"WebSite\",\"@id\":\"https:\\\/\\\/ines.use-medienport.de\\\/#website\",\"url\":\"https:\\\/\\\/ines.use-medienport.de\\\/\",\"name\":\"Design-Grundlagen\",\"description\":\"2021 SPZ Projekt\",\"potentialAction\":[{\"@type\":\"SearchAction\",\"target\":{\"@type\":\"EntryPoint\",\"urlTemplate\":\"https:\\\/\\\/ines.use-medienport.de\\\/?s={search_term_string}\"},\"query-input\":{\"@type\":\"PropertyValueSpecification\",\"valueRequired\":true,\"valueName\":\"search_term_string\"}}],\"inLanguage\":\"de\"}]}<\/script>\n<!-- \/ Yoast SEO plugin. -->","yoast_head_json":{"title":"Schrift - Design-Grundlagen","robots":{"index":"noindex","follow":"follow","max-snippet":"max-snippet:-1","max-image-preview":"max-image-preview:large","max-video-preview":"max-video-preview:-1"},"og_locale":"de_DE","og_type":"article","og_title":"Schrift - Design-Grundlagen","og_description":"[vc_row][vc_column][vc_column_text] Wissensspiel Level 1 Wissensspiel Level 2 [\/vc_column_text][vc_video link=&#8220;https:\/\/www.youtube.com\/watch?v=sByzHoiYFX0&amp;feature=emb_rel_pause&#8220; title=&#8220;Typografie (engl. mit deutschen Untertiteln, ca. 6 Minuten)&#8220;][vc_column_text][\/vc_column_text][\/vc_column][\/vc_row][vc_row][vc_column][vc_tta_accordion][vc_tta_section title=&#8220;Weblinks&#8220; tab_id=&#8220;1610569456489-f3660e4c-fc97&#8243;][vc_column_text]&#8211; https:\/\/type.method.ac (Kerning \u00fcben) \u2013 https:\/\/fontjoy.com \u2013 http:fontmap.ideo.com (Schriftwolke, mit alternativen Schriftvorschl\u00e4gen, Aufgabe: wer findet das \u201cA\u201d der \u201cTimes New Roman\u201d am schnellsten. Zeit stoppen) &nbsp; Level 2.0 (Typografie) &#8211; fhp.incom.org\/project\/15798[\/vc_column_text][\/vc_tta_section][vc_tta_section title=&#8220;Fachbegriffe&#8220; tab_id=&#8220;1610569456477-45b554dc-1d91&#8243;][vc_column_text] Schriftfamilie (passende Schriftart zum...","og_url":"https:\/\/ines.use-medienport.de\/?page_id=27","og_site_name":"Design-Grundlagen","article_modified_time":"2021-07-27T13:53:58+00:00","og_image":[{"url":"https:\/\/ines.use-medienport.de\/wp-content\/uploads\/2021\/01\/laufendes-R.jpg","type":"","width":"","height":""}],"twitter_card":"summary_large_image","twitter_misc":{"Gesch\u00e4tzte Lesezeit":"1\u00a0Minute"},"schema":{"@context":"https:\/\/schema.org","@graph":[{"@type":"WebPage","@id":"https:\/\/ines.use-medienport.de\/?page_id=27","url":"https:\/\/ines.use-medienport.de\/?page_id=27","name":"Schrift - Design-Grundlagen","isPartOf":{"@id":"https:\/\/ines.use-medienport.de\/#website"},"primaryImageOfPage":{"@id":"https:\/\/ines.use-medienport.de\/?page_id=27#primaryimage"},"image":{"@id":"https:\/\/ines.use-medienport.de\/?page_id=27#primaryimage"},"thumbnailUrl":"https:\/\/ines.use-medienport.de\/wp-content\/uploads\/2021\/01\/laufendes-R.jpg","datePublished":"2021-01-12T21:31:07+00:00","dateModified":"2021-07-27T13:53:58+00:00","breadcrumb":{"@id":"https:\/\/ines.use-medienport.de\/?page_id=27#breadcrumb"},"inLanguage":"de","potentialAction":[{"@type":"ReadAction","target":["https:\/\/ines.use-medienport.de\/?page_id=27"]}]},{"@type":"ImageObject","inLanguage":"de","@id":"https:\/\/ines.use-medienport.de\/?page_id=27#primaryimage","url":"https:\/\/ines.use-medienport.de\/wp-content\/uploads\/2021\/01\/laufendes-R.jpg","contentUrl":"https:\/\/ines.use-medienport.de\/wp-content\/uploads\/2021\/01\/laufendes-R.jpg","width":1193,"height":1192},{"@type":"BreadcrumbList","@id":"https:\/\/ines.use-medienport.de\/?page_id=27#breadcrumb","itemListElement":[{"@type":"ListItem","position":1,"name":"Home","item":"https:\/\/ines.use-medienport.de\/"},{"@type":"ListItem","position":2,"name":"Schrift"}]},{"@type":"WebSite","@id":"https:\/\/ines.use-medienport.de\/#website","url":"https:\/\/ines.use-medienport.de\/","name":"Design-Grundlagen","description":"2021 SPZ Projekt","potentialAction":[{"@type":"SearchAction","target":{"@type":"EntryPoint","urlTemplate":"https:\/\/ines.use-medienport.de\/?s={search_term_string}"},"query-input":{"@type":"PropertyValueSpecification","valueRequired":true,"valueName":"search_term_string"}}],"inLanguage":"de"}]}},"_links":{"self":[{"href":"https:\/\/ines.use-medienport.de\/index.php?rest_route=\/wp\/v2\/pages\/27","targetHints":{"allow":["GET"]}}],"collection":[{"href":"https:\/\/ines.use-medienport.de\/index.php?rest_route=\/wp\/v2\/pages"}],"about":[{"href":"https:\/\/ines.use-medienport.de\/index.php?rest_route=\/wp\/v2\/types\/page"}],"author":[{"embeddable":true,"href":"https:\/\/ines.use-medienport.de\/index.php?rest_route=\/wp\/v2\/users\/1"}],"replies":[{"embeddable":true,"href":"https:\/\/ines.use-medienport.de\/index.php?rest_route=%2Fwp%2Fv2%2Fcomments&post=27"}],"version-history":[{"count":27,"href":"https:\/\/ines.use-medienport.de\/index.php?rest_route=\/wp\/v2\/pages\/27\/revisions"}],"predecessor-version":[{"id":385,"href":"https:\/\/ines.use-medienport.de\/index.php?rest_route=\/wp\/v2\/pages\/27\/revisions\/385"}],"wp:attachment":[{"href":"https:\/\/ines.use-medienport.de\/index.php?rest_route=%2Fwp%2Fv2%2Fmedia&parent=27"}],"curies":[{"name":"wp","href":"https:\/\/api.w.org\/{rel}","templated":true}]}}