{"id":24,"date":"2021-01-12T21:30:32","date_gmt":"2021-01-12T21:30:32","guid":{"rendered":"https:\/\/ines.use-medienport.de\/?page_id=24"},"modified":"2021-04-08T07:51:48","modified_gmt":"2021-04-08T07:51:48","slug":"farbe","status":"publish","type":"page","link":"https:\/\/ines.use-medienport.de\/?page_id=24","title":{"rendered":"Farbe"},"content":{"rendered":"<div class=\"wpb-content-wrapper\"><p>[vc_row][vc_column][vc_tta_accordion][vc_tta_section title=&#8220;Videos&#8220; tab_id=&#8220;1616447180834-51da946e-7c75&#8243;][vc_video link=&#8220;https:\/\/www.youtube.com\/watch?v=G93i0ztnXKc&#8220; title=&#8220;Farben Einf\u00fchrung 1 (ca. 14 Minuten)&#8220;][vc_video link=&#8220;https:\/\/www.youtube.com\/watch?v=_2LLXnUdUIc&amp;feature=emb_rel_pause&#8220; title=&#8220;Farben Einf\u00fchrung (engl. mit deutschen Untertiteln, ca. 6 Minuten)&#8220;][\/vc_tta_section][vc_tta_section title=&#8220;Weblinks&#8220; tab_id=&#8220;1611777453268-99f48bc0-0348&#8243;][vc_column_text]<a href=\"https:\/\/www.webdesign-journal.de\/farbwirkung\/?epik=dj0yJnU9anljM0pOcU04NG5MRVdZdVcxUHBkZUtxa0JmMnZKWDgmcD0wJm49ei1vcWtPM0ZjbFgxQ0lXVXBJOU04QSZ0PUFBQUFBR0FRWlJJ#rot\" target=\"_blank\" rel=\"noopener\">www.webdesign-journal.de\/farbwirkung<\/a><\/p>\n<p><a href=\"https:\/\/de.wikipedia.org\/wiki\/Farbe\" target=\"_blank\" rel=\"noopener\">https:\/\/de.wikipedia.org\/wiki\/Farbe<\/a><\/p>\n<p><a href=\"http:\/\/www.burosch.de\/wissenswertes\/576-was-sind-farben.html\" target=\"_blank\" rel=\"noopener\">www.burosch.de\/wissenswertes\/576-was-sind-farben.html<\/a><\/p>\n<h4>Farbwirkungen<\/h4>\n<p><a href=\"https:\/\/www.schoener-wohnen-farbe.com\/de\/farbtoene\/farbwirkung\/\" target=\"_blank\" rel=\"noopener\">www.schoener-wohnen-farbe.com\/de\/farbtoene\/farbwirkung<\/a>[\/vc_column_text][\/vc_tta_section][vc_tta_section title=&#8220;Fachbegriffe&#8220; tab_id=&#8220;1611777453303-01626afc-5fd9&#8243;][vc_column_text]<\/p>\n<ul>\n<li><strong>Farbmischung<\/strong> (Subtraktive Farbmischung, Additive Farbmischung)<\/li>\n<li>Spektralfarben<\/li>\n<li>Psychologische Wirkung<\/li>\n<li>Qualit\u00e4tskontrast<\/li>\n<li>Winkelkontrast<\/li>\n<li>Helligkeitskontrast<\/li>\n<li>Prim\u00e4rfarben<\/li>\n<li>Sekund\u00e4rfarben<\/li>\n<li>Terti\u00e4rfarben<\/li>\n<li>Komplement\u00e4rfarbe<\/li>\n<li>Hauptfarbe<\/li>\n<li>Hausfarbe (CorporateDesign-Farben)<\/li>\n<li>Akzentfarbe<\/li>\n<li>Farbkreis<\/li>\n<li>S\u00e4ttigung \u2013 ges\u00e4ttigt &#8211; unges\u00e4ttigt<\/li>\n<li>Hintergrundfarbe<\/li>\n<li>Farbwert<\/li>\n<li>Farbsystem<\/li>\n<li>Farbtheorie<\/li>\n<li>Kalte Farben<\/li>\n<li>Warme Farben<\/li>\n<li>Triaden<\/li>\n<li>Monochromatische Farben (Farbton mit wei\u00df oder schwarz abgemischt)<\/li>\n<li>Farbharmonie<\/li>\n<li>Analogfarben (Farben, die im Kreis nebeneinander stehen)<\/li>\n<li>Reine \u2013 unreine Farben<\/li>\n<li>Buntheit<\/li>\n<\/ul>\n<p>[\/vc_column_text][\/vc_tta_section][vc_tta_section title=&#8220;Checkliste Farbkontrast Schrift&#8220; tab_id=&#8220;1611779088432-1744eae0-ad75&#8243;][vc_column_text]<\/p>\n<ol>\n<li>Deutlichen <strong><span style=\"color: #ff0000;\">Kontrast<\/span> zwischen Leseobjekt<\/strong> (Text) und <strong>Hintergrund<\/strong> einhalten (<a class=\"scrollLink\" href=\"https:\/\/www.leserlich.info\/#kontrastrechner\">Kontrastrechner<\/a><\/li>\n<li>Bei schwarzer Schrift auf wei\u00dfem Hintergrund (oder umgekehrt) ist der <strong>Kontrast optimal<\/strong><\/li>\n<li>Bei Negativtext Schriftgr\u00f6\u00dfe um 10\u202f%, Laufweite um 2\u202f% sowie die Strichst\u00e4rke erh\u00f6hen<\/li>\n<li><strong>Text<\/strong> <span style=\"text-decoration: underline; color: #ff0000;\">nicht<\/span> <strong>\u00fcber Bilder oder Farbverl\u00e4ufe<\/strong> setzen<\/li>\n<li><strong>Farben sparsam<\/strong> einsetzen und klar voneinander abgrenzen<\/li>\n<li>Zus\u00e4tzlich zur Farbe immer auch ein weiteres Unterscheidungsmerkmal verwenden<\/li>\n<li><strong>Rot-Gr\u00fcn-Kombinationen<\/strong> und Komplement\u00e4rkontraste <span style=\"text-decoration: underline; color: #ff0000;\">vermeiden<\/span><\/li>\n<li>Semantische <strong>Farbkonventionen<\/strong> beachten (Rot f\u00fcr Liebe oder Achtung, Gr\u00fcn f\u00fcr Natur &#8230;)<\/li>\n<\/ol>\n<p>[\/vc_column_text][\/vc_tta_section][\/vc_tta_accordion][\/vc_column][vc_column][vc_column_text css=&#8220;.vc_custom_1610567406585{margin-bottom: 50px !important;}&#8220;]<\/p>\n<h3 style=\"padding-left: 40px;\"><span style=\"color: #ff9900;\">Was ist Farbe?<br \/>\n<\/span><span style=\"color: #ff9900;\">Welche Rolle spielt Farbe bei Gestaltung?<br \/>\n<\/span><span style=\"color: #ff9900;\">Was sollte ein Mediengestalter \u00fcber Farben unbedingt wissen? <span style=\"font-size: 10pt;\">(Level 1 = Einsteiger)<\/span><\/span><\/h3>\n<p>[\/vc_column_text][vc_column_text]<img loading=\"lazy\" decoding=\"async\" class=\"alignnone size-full wp-image-47\" src=\"https:\/\/ines.use-medienport.de\/wp-content\/uploads\/2021\/01\/farbsysteme.jpg\" alt=\"\" width=\"626\" height=\"626\" \/>[\/vc_column_text][\/vc_column][\/vc_row][vc_row][vc_column width=&#8220;1\/3&#8243;][vc_column_text css=&#8220;.vc_custom_1611779609279{margin-bottom: 30px !important;}&#8220;]<\/p>\n<h3><span style=\"color: #3366ff;\">Farbsysteme:<\/span><\/h3>\n<h5>1) RGB<br \/>\n2) CMYK, HKS, Pantone<br \/>\n3) Hexacode<br \/>\n4) Farbkreise nach Itten<br \/>\n5) Prim\u00e4r-, Sekund\u00e4r-Farben,<br \/>\n6) Komplent\u00e4r-Farben,<br \/>\n7) Monochrome Farben<br \/>\n8) Bunte und unbunte Farben<br \/>\n9) Signalfarben<\/h5>\n<p><strong>Farb-Konverter<\/strong><br \/>\n(HKS-Hexacode-CMYK-RGB-RAL)<br \/>\n<a href=\"https:\/\/hks2.com\" target=\"_blank\" rel=\"noopener\">https:\/\/hks2.com<\/a><\/p>\n<p>\u2013 <a href=\"http:\/\/color.adobe.com\/de\" target=\"_blank\" rel=\"noopener\">https:\/\/color.adobe.com\/de\/create\/color-wheel<\/a><br \/>\n\u2013 <a href=\"http:\/\/khroma.co\/train\/\">http:\/\/khroma.co<\/a><br \/>\n\u2013 <a href=\"http:\/\/colormind.io\" target=\"_blank\" rel=\"noopener noreferrer\">http:\/\/colormind.io<\/a>[\/vc_column_text][\/vc_column][vc_column width=&#8220;1\/3&#8243;][vc_column_text css=&#8220;.vc_custom_1611780318973{margin-bottom: 30px !important;}&#8220;]<\/p>\n<h3><span style=\"color: #3366ff;\">Farb-Psychologie:<\/span><\/h3>\n<h5>1) rot<br \/>\n2) blau<br \/>\n3) gelb<br \/>\n4) gr\u00fcn<br \/>\n5) orange<br \/>\n6) wei\u00df<br \/>\n7) schwarz<\/h5>\n<p style=\"text-align: left;\"><a href=\"https:\/\/99designs.de\/blog\/design-kreativitaet\/die-psychologie-der-farben-im-webdesign\/\" target=\"_blank\" rel=\"noopener\">99designs.de\/blog\/design-kreativitaet\/die-psychologie-der-farben-im-webdesign\/<\/a><\/p>\n<p>[\/vc_column_text][\/vc_column][vc_column width=&#8220;1\/3&#8243;][vc_column_text css=&#8220;.vc_custom_1611779522374{margin-bottom: 30px !important;}&#8220;]<\/p>\n<h3><span style=\"color: #3366ff;\">Farbkontraste:<\/span><\/h3>\n<h5>1) Hell-Dunkel-Kontrast<br \/>\n2) Kalt-Warm-Kontrast<br \/>\n3) Simultankontrast<br \/>\n4) Qualit\u00e4tskontrast<br \/>\n5) Quantit\u00e4tskontrast<br \/>\n6) Komlement\u00e4r-Kontrast<\/h5>\n<h3 style=\"text-align: left;\"><span style=\"font-size: 12pt;\"><a href=\"https:\/\/www.leserlich.info\/kapitel\/farben.php\" target=\"_blank\" rel=\"noopener\"><span style=\"font-size: 14pt;\">www.leserlich.info\/kapitel\/farben.php<\/span><\/a><\/span><\/h3>\n<p><strong>Kontrastrechner:<\/strong> <a href=\"https:\/\/www.leserlich.info\/werkzeuge\/kontrastrechner\/index.php\" target=\"_blank\" rel=\"noopener\">www.leserlich.info\/werkzeuge\/kontrastrechner<\/a>[\/vc_column_text][\/vc_column][\/vc_row]<\/p>\n<\/div>","protected":false},"excerpt":{"rendered":"<p>[vc_row][vc_column][vc_tta_accordion][vc_tta_section title=&#8220;Videos&#8220; tab_id=&#8220;1616447180834-51da946e-7c75&#8243;][vc_video link=&#8220;https:\/\/www.youtube.com\/watch?v=G93i0ztnXKc&#8220; title=&#8220;Farben Einf\u00fchrung 1 (ca. 14 Minuten)&#8220;][vc_video link=&#8220;https:\/\/www.youtube.com\/watch?v=_2LLXnUdUIc&amp;feature=emb_rel_pause&#8220; title=&#8220;Farben Einf\u00fchrung (engl. mit deutschen Untertiteln, ca. 6 Minuten)&#8220;][\/vc_tta_section][vc_tta_section title=&#8220;Weblinks&#8220; tab_id=&#8220;1611777453268-99f48bc0-0348&#8243;][vc_column_text]www.webdesign-journal.de\/farbwirkung https:\/\/de.wikipedia.org\/wiki\/Farbe www.burosch.de\/wissenswertes\/576-was-sind-farben.html Farbwirkungen www.schoener-wohnen-farbe.com\/de\/farbtoene\/farbwirkung[\/vc_column_text][\/vc_tta_section][vc_tta_section title=&#8220;Fachbegriffe&#8220; tab_id=&#8220;1611777453303-01626afc-5fd9&#8243;][vc_column_text] Farbmischung (Subtraktive Farbmischung, Additive Farbmischung) Spektralfarben Psychologische Wirkung Qualit\u00e4tskontrast Winkelkontrast Helligkeitskontrast Prim\u00e4rfarben Sekund\u00e4rfarben Terti\u00e4rfarben Komplement\u00e4rfarbe Hauptfarbe Hausfarbe (CorporateDesign-Farben) Akzentfarbe Farbkreis S\u00e4ttigung \u2013 ges\u00e4ttigt &#8211; unges\u00e4ttigt Hintergrundfarbe Farbwert&#8230;<\/p>\n","protected":false},"author":1,"featured_media":0,"parent":0,"menu_order":0,"comment_status":"closed","ping_status":"closed","template":"","meta":{"footnotes":""},"class_list":["post-24","page","type-page","status-publish","hentry"],"yoast_head":"<!-- This site is optimized with the Yoast SEO plugin v27.4 - https:\/\/yoast.com\/product\/yoast-seo-wordpress\/ -->\n<title>Farbe - Design-Grundlagen<\/title>\n<meta name=\"robots\" content=\"noindex, follow, max-snippet:-1, max-image-preview:large, max-video-preview:-1\" \/>\n<meta property=\"og:locale\" content=\"de_DE\" \/>\n<meta property=\"og:type\" content=\"article\" \/>\n<meta property=\"og:title\" content=\"Farbe - Design-Grundlagen\" \/>\n<meta property=\"og:description\" content=\"[vc_row][vc_column][vc_tta_accordion][vc_tta_section title=&#8220;Videos&#8220; tab_id=&#8220;1616447180834-51da946e-7c75&#8243;][vc_video link=&#8220;https:\/\/www.youtube.com\/watch?v=G93i0ztnXKc&#8220; title=&#8220;Farben Einf\u00fchrung 1 (ca. 14 Minuten)&#8220;][vc_video link=&#8220;https:\/\/www.youtube.com\/watch?v=_2LLXnUdUIc&amp;feature=emb_rel_pause&#8220; title=&#8220;Farben Einf\u00fchrung (engl. mit deutschen Untertiteln, ca. 6 Minuten)&#8220;][\/vc_tta_section][vc_tta_section title=&#8220;Weblinks&#8220; tab_id=&#8220;1611777453268-99f48bc0-0348&#8243;][vc_column_text]www.webdesign-journal.de\/farbwirkung https:\/\/de.wikipedia.org\/wiki\/Farbe www.burosch.de\/wissenswertes\/576-was-sind-farben.html Farbwirkungen www.schoener-wohnen-farbe.com\/de\/farbtoene\/farbwirkung[\/vc_column_text][\/vc_tta_section][vc_tta_section title=&#8220;Fachbegriffe&#8220; tab_id=&#8220;1611777453303-01626afc-5fd9&#8243;][vc_column_text] Farbmischung (Subtraktive Farbmischung, Additive Farbmischung) Spektralfarben Psychologische Wirkung Qualit\u00e4tskontrast Winkelkontrast Helligkeitskontrast Prim\u00e4rfarben Sekund\u00e4rfarben Terti\u00e4rfarben Komplement\u00e4rfarbe Hauptfarbe Hausfarbe (CorporateDesign-Farben) Akzentfarbe Farbkreis S\u00e4ttigung \u2013 ges\u00e4ttigt &#8211; unges\u00e4ttigt Hintergrundfarbe Farbwert...\" \/>\n<meta property=\"og:url\" content=\"https:\/\/ines.use-medienport.de\/?page_id=24\" \/>\n<meta property=\"og:site_name\" content=\"Design-Grundlagen\" \/>\n<meta property=\"article:modified_time\" content=\"2021-04-08T07:51:48+00:00\" \/>\n<meta property=\"og:image\" content=\"https:\/\/ines.use-medienport.de\/wp-content\/uploads\/2021\/01\/farbsysteme.jpg\" \/>\n<meta name=\"twitter:card\" content=\"summary_large_image\" \/>\n<meta name=\"twitter:label1\" content=\"Gesch\u00e4tzte Lesezeit\" \/>\n\t<meta name=\"twitter:data1\" content=\"2\u00a0Minuten\" \/>\n<script type=\"application\/ld+json\" class=\"yoast-schema-graph\">{\"@context\":\"https:\\\/\\\/schema.org\",\"@graph\":[{\"@type\":\"WebPage\",\"@id\":\"https:\\\/\\\/ines.use-medienport.de\\\/?page_id=24\",\"url\":\"https:\\\/\\\/ines.use-medienport.de\\\/?page_id=24\",\"name\":\"Farbe - Design-Grundlagen\",\"isPartOf\":{\"@id\":\"https:\\\/\\\/ines.use-medienport.de\\\/#website\"},\"primaryImageOfPage\":{\"@id\":\"https:\\\/\\\/ines.use-medienport.de\\\/?page_id=24#primaryimage\"},\"image\":{\"@id\":\"https:\\\/\\\/ines.use-medienport.de\\\/?page_id=24#primaryimage\"},\"thumbnailUrl\":\"https:\\\/\\\/ines.use-medienport.de\\\/wp-content\\\/uploads\\\/2021\\\/01\\\/farbsysteme.jpg\",\"datePublished\":\"2021-01-12T21:30:32+00:00\",\"dateModified\":\"2021-04-08T07:51:48+00:00\",\"breadcrumb\":{\"@id\":\"https:\\\/\\\/ines.use-medienport.de\\\/?page_id=24#breadcrumb\"},\"inLanguage\":\"de\",\"potentialAction\":[{\"@type\":\"ReadAction\",\"target\":[\"https:\\\/\\\/ines.use-medienport.de\\\/?page_id=24\"]}]},{\"@type\":\"ImageObject\",\"inLanguage\":\"de\",\"@id\":\"https:\\\/\\\/ines.use-medienport.de\\\/?page_id=24#primaryimage\",\"url\":\"https:\\\/\\\/ines.use-medienport.de\\\/wp-content\\\/uploads\\\/2021\\\/01\\\/farbsysteme.jpg\",\"contentUrl\":\"https:\\\/\\\/ines.use-medienport.de\\\/wp-content\\\/uploads\\\/2021\\\/01\\\/farbsysteme.jpg\",\"width\":626,\"height\":626},{\"@type\":\"BreadcrumbList\",\"@id\":\"https:\\\/\\\/ines.use-medienport.de\\\/?page_id=24#breadcrumb\",\"itemListElement\":[{\"@type\":\"ListItem\",\"position\":1,\"name\":\"Home\",\"item\":\"https:\\\/\\\/ines.use-medienport.de\\\/\"},{\"@type\":\"ListItem\",\"position\":2,\"name\":\"Farbe\"}]},{\"@type\":\"WebSite\",\"@id\":\"https:\\\/\\\/ines.use-medienport.de\\\/#website\",\"url\":\"https:\\\/\\\/ines.use-medienport.de\\\/\",\"name\":\"Design-Grundlagen\",\"description\":\"2021 SPZ Projekt\",\"potentialAction\":[{\"@type\":\"SearchAction\",\"target\":{\"@type\":\"EntryPoint\",\"urlTemplate\":\"https:\\\/\\\/ines.use-medienport.de\\\/?s={search_term_string}\"},\"query-input\":{\"@type\":\"PropertyValueSpecification\",\"valueRequired\":true,\"valueName\":\"search_term_string\"}}],\"inLanguage\":\"de\"}]}<\/script>\n<!-- \/ Yoast SEO plugin. -->","yoast_head_json":{"title":"Farbe - Design-Grundlagen","robots":{"index":"noindex","follow":"follow","max-snippet":"max-snippet:-1","max-image-preview":"max-image-preview:large","max-video-preview":"max-video-preview:-1"},"og_locale":"de_DE","og_type":"article","og_title":"Farbe - Design-Grundlagen","og_description":"[vc_row][vc_column][vc_tta_accordion][vc_tta_section title=&#8220;Videos&#8220; tab_id=&#8220;1616447180834-51da946e-7c75&#8243;][vc_video link=&#8220;https:\/\/www.youtube.com\/watch?v=G93i0ztnXKc&#8220; title=&#8220;Farben Einf\u00fchrung 1 (ca. 14 Minuten)&#8220;][vc_video link=&#8220;https:\/\/www.youtube.com\/watch?v=_2LLXnUdUIc&amp;feature=emb_rel_pause&#8220; title=&#8220;Farben Einf\u00fchrung (engl. mit deutschen Untertiteln, ca. 6 Minuten)&#8220;][\/vc_tta_section][vc_tta_section title=&#8220;Weblinks&#8220; tab_id=&#8220;1611777453268-99f48bc0-0348&#8243;][vc_column_text]www.webdesign-journal.de\/farbwirkung https:\/\/de.wikipedia.org\/wiki\/Farbe www.burosch.de\/wissenswertes\/576-was-sind-farben.html Farbwirkungen www.schoener-wohnen-farbe.com\/de\/farbtoene\/farbwirkung[\/vc_column_text][\/vc_tta_section][vc_tta_section title=&#8220;Fachbegriffe&#8220; tab_id=&#8220;1611777453303-01626afc-5fd9&#8243;][vc_column_text] Farbmischung (Subtraktive Farbmischung, Additive Farbmischung) Spektralfarben Psychologische Wirkung Qualit\u00e4tskontrast Winkelkontrast Helligkeitskontrast Prim\u00e4rfarben Sekund\u00e4rfarben Terti\u00e4rfarben Komplement\u00e4rfarbe Hauptfarbe Hausfarbe (CorporateDesign-Farben) Akzentfarbe Farbkreis S\u00e4ttigung \u2013 ges\u00e4ttigt &#8211; unges\u00e4ttigt Hintergrundfarbe Farbwert...","og_url":"https:\/\/ines.use-medienport.de\/?page_id=24","og_site_name":"Design-Grundlagen","article_modified_time":"2021-04-08T07:51:48+00:00","og_image":[{"url":"https:\/\/ines.use-medienport.de\/wp-content\/uploads\/2021\/01\/farbsysteme.jpg","type":"","width":"","height":""}],"twitter_card":"summary_large_image","twitter_misc":{"Gesch\u00e4tzte Lesezeit":"2\u00a0Minuten"},"schema":{"@context":"https:\/\/schema.org","@graph":[{"@type":"WebPage","@id":"https:\/\/ines.use-medienport.de\/?page_id=24","url":"https:\/\/ines.use-medienport.de\/?page_id=24","name":"Farbe - Design-Grundlagen","isPartOf":{"@id":"https:\/\/ines.use-medienport.de\/#website"},"primaryImageOfPage":{"@id":"https:\/\/ines.use-medienport.de\/?page_id=24#primaryimage"},"image":{"@id":"https:\/\/ines.use-medienport.de\/?page_id=24#primaryimage"},"thumbnailUrl":"https:\/\/ines.use-medienport.de\/wp-content\/uploads\/2021\/01\/farbsysteme.jpg","datePublished":"2021-01-12T21:30:32+00:00","dateModified":"2021-04-08T07:51:48+00:00","breadcrumb":{"@id":"https:\/\/ines.use-medienport.de\/?page_id=24#breadcrumb"},"inLanguage":"de","potentialAction":[{"@type":"ReadAction","target":["https:\/\/ines.use-medienport.de\/?page_id=24"]}]},{"@type":"ImageObject","inLanguage":"de","@id":"https:\/\/ines.use-medienport.de\/?page_id=24#primaryimage","url":"https:\/\/ines.use-medienport.de\/wp-content\/uploads\/2021\/01\/farbsysteme.jpg","contentUrl":"https:\/\/ines.use-medienport.de\/wp-content\/uploads\/2021\/01\/farbsysteme.jpg","width":626,"height":626},{"@type":"BreadcrumbList","@id":"https:\/\/ines.use-medienport.de\/?page_id=24#breadcrumb","itemListElement":[{"@type":"ListItem","position":1,"name":"Home","item":"https:\/\/ines.use-medienport.de\/"},{"@type":"ListItem","position":2,"name":"Farbe"}]},{"@type":"WebSite","@id":"https:\/\/ines.use-medienport.de\/#website","url":"https:\/\/ines.use-medienport.de\/","name":"Design-Grundlagen","description":"2021 SPZ Projekt","potentialAction":[{"@type":"SearchAction","target":{"@type":"EntryPoint","urlTemplate":"https:\/\/ines.use-medienport.de\/?s={search_term_string}"},"query-input":{"@type":"PropertyValueSpecification","valueRequired":true,"valueName":"search_term_string"}}],"inLanguage":"de"}]}},"_links":{"self":[{"href":"https:\/\/ines.use-medienport.de\/index.php?rest_route=\/wp\/v2\/pages\/24","targetHints":{"allow":["GET"]}}],"collection":[{"href":"https:\/\/ines.use-medienport.de\/index.php?rest_route=\/wp\/v2\/pages"}],"about":[{"href":"https:\/\/ines.use-medienport.de\/index.php?rest_route=\/wp\/v2\/types\/page"}],"author":[{"embeddable":true,"href":"https:\/\/ines.use-medienport.de\/index.php?rest_route=\/wp\/v2\/users\/1"}],"replies":[{"embeddable":true,"href":"https:\/\/ines.use-medienport.de\/index.php?rest_route=%2Fwp%2Fv2%2Fcomments&post=24"}],"version-history":[{"count":32,"href":"https:\/\/ines.use-medienport.de\/index.php?rest_route=\/wp\/v2\/pages\/24\/revisions"}],"predecessor-version":[{"id":371,"href":"https:\/\/ines.use-medienport.de\/index.php?rest_route=\/wp\/v2\/pages\/24\/revisions\/371"}],"wp:attachment":[{"href":"https:\/\/ines.use-medienport.de\/index.php?rest_route=%2Fwp%2Fv2%2Fmedia&parent=24"}],"curies":[{"name":"wp","href":"https:\/\/api.w.org\/{rel}","templated":true}]}}