{"id":2,"date":"2021-01-12T09:06:33","date_gmt":"2021-01-12T09:06:33","guid":{"rendered":"https:\/\/ines.use-medienport.de\/?page_id=2"},"modified":"2021-03-23T19:41:52","modified_gmt":"2021-03-23T19:41:52","slug":"sample-page","status":"publish","type":"page","link":"https:\/\/ines.use-medienport.de\/?page_id=2","title":{"rendered":"Komposition"},"content":{"rendered":"<div class=\"wpb-content-wrapper\"><p>[vc_row][vc_column][vc_column_text]<code><div class=\"h5p-iframe-wrapper\"><iframe id=\"h5p-iframe-2\" class=\"h5p-iframe\" data-content-id=\"2\" style=\"height:1px\" src=\"about:blank\" frameBorder=\"0\" scrolling=\"no\" title=\"Komposition: Fachbegriffe finden\"><\/iframe><\/div><\/code>[\/vc_column_text][vc_tta_accordion][vc_tta_section title=&#8220;Videos&#8220; tab_id=&#8220;1612037694441-99e7e438-9b86&#8243;][vc_video link=&#8220;https:\/\/www.youtube.com\/watch?v=a5KYlHNKQB8&amp;feature=youtu.be&#8220; title=&#8220;Komposition (engl. mit deutschen Untertiteln, ca. 5 Minuten lang)&#8220;][\/vc_tta_section][vc_tta_section title=&#8220;Weblinks&#8220; tab_id=&#8220;1610567857940-0ee9fc69-3cb6&#8243;][vc_column_text]<a href=\"https:\/\/blog.picapoint.de\/sieben-grundlegendsten-gestaltungsgesetze\/\" target=\"_blank\" rel=\"noopener\">blog.picapoint.de\/sieben-grundlegendsten-gestaltungsgesetze\/<\/a><\/p>\n<p><a href=\"https:\/\/page-online.de\/kreation\/tolles-video-ueber-layout-und-komposition\/\">https:\/\/page-online.de\/kreation\/tolles-video-ueber-layout-und-komposition\/<\/a><\/p>\n<p><a href=\"https:\/\/99designs.de\/blog\/design-tipps\/komposition-layout-design\/\" target=\"_blank\" rel=\"noopener\">https:\/\/99designs.de\/blog\/design-tipps\/komposition-layout-design\/<\/a>[\/vc_column_text][\/vc_tta_section][vc_tta_section title=&#8220;Fachbegriffe&#8220; tab_id=&#8220;1610567857958-a210b173-30fc&#8220;][vc_column_text]<\/p>\n<ul>\n<li>Raster, Spaltenraster (Bezugslinien)<\/li>\n<li>Ausrichtung<\/li>\n<li>Wei\u00dfraum<\/li>\n<li>Reduktion<\/li>\n<li>Perspektive (Vordergrund-Hintergrund-Beziehung, Tiefenwirkung, R\u00e4umlichkeit)<\/li>\n<li>Leserichtung<\/li>\n<li>Fokus (Blickfang, Gewichtung)<\/li>\n<li>Anordnung (Aufteilung,Gesetz: der N\u00e4he, der guten Fortf\u00fchrung, der Gleichheit, Figur-Grund, \u2026)<\/li>\n<li>Balance<\/li>\n<\/ul>\n<p>[\/vc_column_text][\/vc_tta_section][vc_tta_section title=&#8220;Wissens-Spiele&#8220; tab_id=&#8220;1612037621420-00d30bce-6b17&#8243;][vc_column_text]<\/p>\n<p><code><div class=\"h5p-iframe-wrapper\"><iframe id=\"h5p-iframe-1\" class=\"h5p-iframe\" data-content-id=\"1\" style=\"height:1px\" src=\"about:blank\" frameBorder=\"0\" scrolling=\"no\" title=\"Komposition: Grundlagen Quiz\"><\/iframe><\/div><\/code><\/p>\n<p>[\/vc_column_text][\/vc_tta_section][\/vc_tta_accordion][vc_column_text css=&#8220;.vc_custom_1611696274175{margin-bottom: 30px !important;}&#8220;]<\/p>\n<h3>Jede gute <strong>Gestaltung<\/strong> ist von einer guten Komposition abh\u00e4ngig.<br \/>\nFolgende Dinge spielen dabei eine gro\u00dfe Rolle:<br \/>\n<span style=\"color: #3366ff;\">1) die Ausrichtung der einzelnen Elemente<br \/>\n2) der Umgang mit Wei\u00dfraum<br \/>\n3) die Anordnung<br \/>\n4) der Kontrast<br \/>\n5) die Hierarchie.<\/span><\/h3>\n<p>[\/vc_column_text][vc_column_text]I am text block. Click edit button to change this text. Lorem ipsum dolor sit amet, consectetur adipiscing elit. Ut elit tellus, luctus nec ullamcorper mattis, pulvinar dapibus leo.[\/vc_column_text][\/vc_column][\/vc_row]<\/p>\n<\/div>","protected":false},"excerpt":{"rendered":"<p>[vc_row][vc_column][vc_column_text][\/vc_column_text][vc_tta_accordion][vc_tta_section title=&#8220;Videos&#8220; tab_id=&#8220;1612037694441-99e7e438-9b86&#8243;][vc_video link=&#8220;https:\/\/www.youtube.com\/watch?v=a5KYlHNKQB8&amp;feature=youtu.be&#8220; title=&#8220;Komposition (engl. mit deutschen Untertiteln, ca. 5 Minuten lang)&#8220;][\/vc_tta_section][vc_tta_section title=&#8220;Weblinks&#8220; tab_id=&#8220;1610567857940-0ee9fc69-3cb6&#8243;][vc_column_text]blog.picapoint.de\/sieben-grundlegendsten-gestaltungsgesetze\/ https:\/\/page-online.de\/kreation\/tolles-video-ueber-layout-und-komposition\/ https:\/\/99designs.de\/blog\/design-tipps\/komposition-layout-design\/[\/vc_column_text][\/vc_tta_section][vc_tta_section title=&#8220;Fachbegriffe&#8220; tab_id=&#8220;1610567857958-a210b173-30fc&#8220;][vc_column_text] Raster, Spaltenraster (Bezugslinien) Ausrichtung Wei\u00dfraum Reduktion Perspektive (Vordergrund-Hintergrund-Beziehung, Tiefenwirkung, R\u00e4umlichkeit) Leserichtung Fokus (Blickfang, Gewichtung) Anordnung (Aufteilung,Gesetz: der N\u00e4he, der guten Fortf\u00fchrung, der Gleichheit, Figur-Grund, \u2026) Balance [\/vc_column_text][\/vc_tta_section][vc_tta_section title=&#8220;Wissens-Spiele&#8220; tab_id=&#8220;1612037621420-00d30bce-6b17&#8243;][vc_column_text] [\/vc_column_text][\/vc_tta_section][\/vc_tta_accordion][vc_column_text css=&#8220;.vc_custom_1611696274175{margin-bottom: 30px !important;}&#8220;] Jede gute Gestaltung&#8230;<\/p>\n","protected":false},"author":1,"featured_media":0,"parent":0,"menu_order":0,"comment_status":"closed","ping_status":"closed","template":"","meta":{"footnotes":""},"class_list":["post-2","page","type-page","status-publish","hentry"],"yoast_head":"<!-- This site is optimized with the Yoast SEO plugin v27.4 - https:\/\/yoast.com\/product\/yoast-seo-wordpress\/ -->\n<title>Komposition - Design-Grundlagen<\/title>\n<meta name=\"robots\" content=\"noindex, follow, max-snippet:-1, max-image-preview:large, max-video-preview:-1\" \/>\n<meta property=\"og:locale\" content=\"de_DE\" \/>\n<meta property=\"og:type\" content=\"article\" \/>\n<meta property=\"og:title\" content=\"Komposition - Design-Grundlagen\" \/>\n<meta property=\"og:description\" content=\"[vc_row][vc_column][vc_column_text][\/vc_column_text][vc_tta_accordion][vc_tta_section title=&#8220;Videos&#8220; tab_id=&#8220;1612037694441-99e7e438-9b86&#8243;][vc_video link=&#8220;https:\/\/www.youtube.com\/watch?v=a5KYlHNKQB8&amp;feature=youtu.be&#8220; title=&#8220;Komposition (engl. mit deutschen Untertiteln, ca. 5 Minuten lang)&#8220;][\/vc_tta_section][vc_tta_section title=&#8220;Weblinks&#8220; tab_id=&#8220;1610567857940-0ee9fc69-3cb6&#8243;][vc_column_text]blog.picapoint.de\/sieben-grundlegendsten-gestaltungsgesetze\/ https:\/\/page-online.de\/kreation\/tolles-video-ueber-layout-und-komposition\/ https:\/\/99designs.de\/blog\/design-tipps\/komposition-layout-design\/[\/vc_column_text][\/vc_tta_section][vc_tta_section title=&#8220;Fachbegriffe&#8220; tab_id=&#8220;1610567857958-a210b173-30fc&#8220;][vc_column_text] Raster, Spaltenraster (Bezugslinien) Ausrichtung Wei\u00dfraum Reduktion Perspektive (Vordergrund-Hintergrund-Beziehung, Tiefenwirkung, R\u00e4umlichkeit) Leserichtung Fokus (Blickfang, Gewichtung) Anordnung (Aufteilung,Gesetz: der N\u00e4he, der guten Fortf\u00fchrung, der Gleichheit, Figur-Grund, \u2026) Balance [\/vc_column_text][\/vc_tta_section][vc_tta_section title=&#8220;Wissens-Spiele&#8220; tab_id=&#8220;1612037621420-00d30bce-6b17&#8243;][vc_column_text] [\/vc_column_text][\/vc_tta_section][\/vc_tta_accordion][vc_column_text css=&#8220;.vc_custom_1611696274175{margin-bottom: 30px !important;}&#8220;] Jede gute Gestaltung...\" \/>\n<meta property=\"og:url\" content=\"https:\/\/ines.use-medienport.de\/?page_id=2\" \/>\n<meta property=\"og:site_name\" content=\"Design-Grundlagen\" \/>\n<meta property=\"article:modified_time\" content=\"2021-03-23T19:41:52+00:00\" \/>\n<meta name=\"twitter:card\" content=\"summary_large_image\" \/>\n<meta name=\"twitter:label1\" content=\"Gesch\u00e4tzte Lesezeit\" \/>\n\t<meta name=\"twitter:data1\" content=\"1\u00a0Minute\" \/>\n<script type=\"application\/ld+json\" class=\"yoast-schema-graph\">{\"@context\":\"https:\\\/\\\/schema.org\",\"@graph\":[{\"@type\":\"WebPage\",\"@id\":\"https:\\\/\\\/ines.use-medienport.de\\\/?page_id=2\",\"url\":\"https:\\\/\\\/ines.use-medienport.de\\\/?page_id=2\",\"name\":\"Komposition - Design-Grundlagen\",\"isPartOf\":{\"@id\":\"https:\\\/\\\/ines.use-medienport.de\\\/#website\"},\"datePublished\":\"2021-01-12T09:06:33+00:00\",\"dateModified\":\"2021-03-23T19:41:52+00:00\",\"breadcrumb\":{\"@id\":\"https:\\\/\\\/ines.use-medienport.de\\\/?page_id=2#breadcrumb\"},\"inLanguage\":\"de\",\"potentialAction\":[{\"@type\":\"ReadAction\",\"target\":[\"https:\\\/\\\/ines.use-medienport.de\\\/?page_id=2\"]}]},{\"@type\":\"BreadcrumbList\",\"@id\":\"https:\\\/\\\/ines.use-medienport.de\\\/?page_id=2#breadcrumb\",\"itemListElement\":[{\"@type\":\"ListItem\",\"position\":1,\"name\":\"Home\",\"item\":\"https:\\\/\\\/ines.use-medienport.de\\\/\"},{\"@type\":\"ListItem\",\"position\":2,\"name\":\"Komposition\"}]},{\"@type\":\"WebSite\",\"@id\":\"https:\\\/\\\/ines.use-medienport.de\\\/#website\",\"url\":\"https:\\\/\\\/ines.use-medienport.de\\\/\",\"name\":\"Design-Grundlagen\",\"description\":\"2021 SPZ Projekt\",\"potentialAction\":[{\"@type\":\"SearchAction\",\"target\":{\"@type\":\"EntryPoint\",\"urlTemplate\":\"https:\\\/\\\/ines.use-medienport.de\\\/?s={search_term_string}\"},\"query-input\":{\"@type\":\"PropertyValueSpecification\",\"valueRequired\":true,\"valueName\":\"search_term_string\"}}],\"inLanguage\":\"de\"}]}<\/script>\n<!-- \/ Yoast SEO plugin. -->","yoast_head_json":{"title":"Komposition - Design-Grundlagen","robots":{"index":"noindex","follow":"follow","max-snippet":"max-snippet:-1","max-image-preview":"max-image-preview:large","max-video-preview":"max-video-preview:-1"},"og_locale":"de_DE","og_type":"article","og_title":"Komposition - Design-Grundlagen","og_description":"[vc_row][vc_column][vc_column_text][\/vc_column_text][vc_tta_accordion][vc_tta_section title=&#8220;Videos&#8220; tab_id=&#8220;1612037694441-99e7e438-9b86&#8243;][vc_video link=&#8220;https:\/\/www.youtube.com\/watch?v=a5KYlHNKQB8&amp;feature=youtu.be&#8220; title=&#8220;Komposition (engl. mit deutschen Untertiteln, ca. 5 Minuten lang)&#8220;][\/vc_tta_section][vc_tta_section title=&#8220;Weblinks&#8220; tab_id=&#8220;1610567857940-0ee9fc69-3cb6&#8243;][vc_column_text]blog.picapoint.de\/sieben-grundlegendsten-gestaltungsgesetze\/ https:\/\/page-online.de\/kreation\/tolles-video-ueber-layout-und-komposition\/ https:\/\/99designs.de\/blog\/design-tipps\/komposition-layout-design\/[\/vc_column_text][\/vc_tta_section][vc_tta_section title=&#8220;Fachbegriffe&#8220; tab_id=&#8220;1610567857958-a210b173-30fc&#8220;][vc_column_text] Raster, Spaltenraster (Bezugslinien) Ausrichtung Wei\u00dfraum Reduktion Perspektive (Vordergrund-Hintergrund-Beziehung, Tiefenwirkung, R\u00e4umlichkeit) Leserichtung Fokus (Blickfang, Gewichtung) Anordnung (Aufteilung,Gesetz: der N\u00e4he, der guten Fortf\u00fchrung, der Gleichheit, Figur-Grund, \u2026) Balance [\/vc_column_text][\/vc_tta_section][vc_tta_section title=&#8220;Wissens-Spiele&#8220; tab_id=&#8220;1612037621420-00d30bce-6b17&#8243;][vc_column_text] [\/vc_column_text][\/vc_tta_section][\/vc_tta_accordion][vc_column_text css=&#8220;.vc_custom_1611696274175{margin-bottom: 30px !important;}&#8220;] Jede gute Gestaltung...","og_url":"https:\/\/ines.use-medienport.de\/?page_id=2","og_site_name":"Design-Grundlagen","article_modified_time":"2021-03-23T19:41:52+00:00","twitter_card":"summary_large_image","twitter_misc":{"Gesch\u00e4tzte Lesezeit":"1\u00a0Minute"},"schema":{"@context":"https:\/\/schema.org","@graph":[{"@type":"WebPage","@id":"https:\/\/ines.use-medienport.de\/?page_id=2","url":"https:\/\/ines.use-medienport.de\/?page_id=2","name":"Komposition - Design-Grundlagen","isPartOf":{"@id":"https:\/\/ines.use-medienport.de\/#website"},"datePublished":"2021-01-12T09:06:33+00:00","dateModified":"2021-03-23T19:41:52+00:00","breadcrumb":{"@id":"https:\/\/ines.use-medienport.de\/?page_id=2#breadcrumb"},"inLanguage":"de","potentialAction":[{"@type":"ReadAction","target":["https:\/\/ines.use-medienport.de\/?page_id=2"]}]},{"@type":"BreadcrumbList","@id":"https:\/\/ines.use-medienport.de\/?page_id=2#breadcrumb","itemListElement":[{"@type":"ListItem","position":1,"name":"Home","item":"https:\/\/ines.use-medienport.de\/"},{"@type":"ListItem","position":2,"name":"Komposition"}]},{"@type":"WebSite","@id":"https:\/\/ines.use-medienport.de\/#website","url":"https:\/\/ines.use-medienport.de\/","name":"Design-Grundlagen","description":"2021 SPZ Projekt","potentialAction":[{"@type":"SearchAction","target":{"@type":"EntryPoint","urlTemplate":"https:\/\/ines.use-medienport.de\/?s={search_term_string}"},"query-input":{"@type":"PropertyValueSpecification","valueRequired":true,"valueName":"search_term_string"}}],"inLanguage":"de"}]}},"_links":{"self":[{"href":"https:\/\/ines.use-medienport.de\/index.php?rest_route=\/wp\/v2\/pages\/2","targetHints":{"allow":["GET"]}}],"collection":[{"href":"https:\/\/ines.use-medienport.de\/index.php?rest_route=\/wp\/v2\/pages"}],"about":[{"href":"https:\/\/ines.use-medienport.de\/index.php?rest_route=\/wp\/v2\/types\/page"}],"author":[{"embeddable":true,"href":"https:\/\/ines.use-medienport.de\/index.php?rest_route=\/wp\/v2\/users\/1"}],"replies":[{"embeddable":true,"href":"https:\/\/ines.use-medienport.de\/index.php?rest_route=%2Fwp%2Fv2%2Fcomments&post=2"}],"version-history":[{"count":27,"href":"https:\/\/ines.use-medienport.de\/index.php?rest_route=\/wp\/v2\/pages\/2\/revisions"}],"predecessor-version":[{"id":369,"href":"https:\/\/ines.use-medienport.de\/index.php?rest_route=\/wp\/v2\/pages\/2\/revisions\/369"}],"wp:attachment":[{"href":"https:\/\/ines.use-medienport.de\/index.php?rest_route=%2Fwp%2Fv2%2Fmedia&parent=2"}],"curies":[{"name":"wp","href":"https:\/\/api.w.org\/{rel}","templated":true}]}}